{"id":11095,"date":"2018-02-04T15:43:20","date_gmt":"2018-02-04T15:43:20","guid":{"rendered":"http:\/\/rifetheme.com\/cropps\/?page_id=11095"},"modified":"2022-10-08T15:55:22","modified_gmt":"2022-10-08T15:55:22","slug":"info-contact","status":"publish","type":"page","link":"https:\/\/www.olsar.cz\/drevovyroba\/info-contact\/","title":{"rendered":"Info &#038; Contact"},"content":{"rendered":"\t\t<div data-elementor-type=\"wp-page\" data-elementor-id=\"11095\" class=\"elementor elementor-11095\">\n\t\t\t\t\t\t\t\t\t<section class=\"elementor-section elementor-top-section elementor-element elementor-element-6962e2f0 elementor-section-stretched elementor-section-boxed elementor-section-height-default elementor-section-height-default\" data-id=\"6962e2f0\" data-element_type=\"section\" data-settings=\"{&quot;stretch_section&quot;:&quot;section-stretched&quot;,&quot;background_background&quot;:&quot;classic&quot;,&quot;shape_divider_bottom&quot;:&quot;triangle&quot;,&quot;shape_divider_bottom_negative&quot;:&quot;yes&quot;}\">\n\t\t\t\t\t<div class=\"elementor-shape elementor-shape-bottom\" data-negative=\"true\">\n\t\t\t<svg xmlns=\"http:\/\/www.w3.org\/2000\/svg\" viewBox=\"0 0 1000 100\" preserveAspectRatio=\"none\">\n\t<path class=\"elementor-shape-fill\" d=\"M500.2,94.7L0,0v100h1000V0L500.2,94.7z\"\/>\n<\/svg>\t\t<\/div>\n\t\t\t\t\t<div class=\"elementor-container elementor-column-gap-default\">\n\t\t\t\t\t<div class=\"elementor-column elementor-col-100 elementor-top-column elementor-element elementor-element-513d0c2\" data-id=\"513d0c2\" data-element_type=\"column\">\n\t\t\t<div class=\"elementor-widget-wrap elementor-element-populated\">\n\t\t\t\t\t\t\t\t<div class=\"elementor-element elementor-element-15cdacec elementor-widget elementor-widget-heading\" data-id=\"15cdacec\" data-element_type=\"widget\" data-widget_type=\"heading.default\">\n\t\t\t\t<div class=\"elementor-widget-container\">\n\t\t\t<h2 class=\"elementor-heading-title elementor-size-default\">Kontakt<\/h2>\t\t<\/div>\n\t\t\t\t<\/div>\n\t\t\t\t<div class=\"elementor-element elementor-element-1d050596 elementor-widget elementor-widget-heading\" data-id=\"1d050596\" data-element_type=\"widget\" data-widget_type=\"heading.default\">\n\t\t\t\t<div class=\"elementor-widget-container\">\n\t\t\t<h2 class=\"elementor-heading-title elementor-size-default\"><b>D\u0158EVOV\u00ddROBA &amp; P\u0158ESTAVBY DOD\u00c1VEK <\/b><\/h2>\t\t<\/div>\n\t\t\t\t<\/div>\n\t\t\t\t\t<\/div>\n\t\t<\/div>\n\t\t\t\t\t\t\t<\/div>\n\t\t<\/section>\n\t\t\t\t<section class=\"elementor-section elementor-top-section elementor-element elementor-element-5ee511a elementor-section-stretched elementor-section-content-middle elementor-section-boxed elementor-section-height-default elementor-section-height-default\" data-id=\"5ee511a\" data-element_type=\"section\" id=\"about\" data-settings=\"{&quot;stretch_section&quot;:&quot;section-stretched&quot;}\">\n\t\t\t\t\t\t<div class=\"elementor-container elementor-column-gap-extended\">\n\t\t\t\t\t<div class=\"elementor-column elementor-col-50 elementor-top-column elementor-element elementor-element-5a25b23\" data-id=\"5a25b23\" data-element_type=\"column\">\n\t\t\t<div class=\"elementor-widget-wrap elementor-element-populated\">\n\t\t\t\t\t\t\t\t<section class=\"elementor-section elementor-inner-section elementor-element elementor-element-a72fd91 elementor-section-boxed elementor-section-height-default elementor-section-height-default\" data-id=\"a72fd91\" data-element_type=\"section\">\n\t\t\t\t\t\t<div class=\"elementor-container elementor-column-gap-no\">\n\t\t\t\t\t<div class=\"elementor-column elementor-col-100 elementor-inner-column elementor-element elementor-element-231eaab\" data-id=\"231eaab\" data-element_type=\"column\">\n\t\t\t<div class=\"elementor-widget-wrap elementor-element-populated\">\n\t\t\t\t\t\t\t\t<div class=\"elementor-element elementor-element-8087ce0 elementor-invisible elementor-widget elementor-widget-image\" data-id=\"8087ce0\" data-element_type=\"widget\" data-settings=\"{&quot;_animation&quot;:&quot;fadeInLeft&quot;}\" data-widget_type=\"image.default\">\n\t\t\t\t<div class=\"elementor-widget-container\">\n\t\t\t\t\t\t\t\t\t\t\t\t\t\t\t\t<a href=\"https:\/\/www.olsar.cz\/\">\n\t\t\t\t\t\t\t<img fetchpriority=\"high\" decoding=\"async\" width=\"715\" height=\"423\" src=\"https:\/\/www.olsar.cz\/drevovyroba\/wp-content\/uploads\/2020\/02\/1.png\" class=\"attachment-full size-full wp-image-12028\" alt=\"\" srcset=\"https:\/\/www.olsar.cz\/drevovyroba\/wp-content\/uploads\/2020\/02\/1.png 715w, https:\/\/www.olsar.cz\/drevovyroba\/wp-content\/uploads\/2020\/02\/1-600x355.png 600w\" sizes=\"(max-width: 715px) 100vw, 715px\" \/>\t\t\t\t\t\t\t\t<\/a>\n\t\t\t\t\t\t\t\t\t\t\t\t\t\t\t<\/div>\n\t\t\t\t<\/div>\n\t\t\t\t\t<\/div>\n\t\t<\/div>\n\t\t\t\t\t\t\t<\/div>\n\t\t<\/section>\n\t\t\t\t\t<\/div>\n\t\t<\/div>\n\t\t\t\t<div class=\"elementor-column elementor-col-50 elementor-top-column elementor-element elementor-element-254a326 elementor-invisible\" data-id=\"254a326\" data-element_type=\"column\" data-settings=\"{&quot;animation&quot;:&quot;fadeIn&quot;}\">\n\t\t\t<div class=\"elementor-widget-wrap elementor-element-populated\">\n\t\t\t\t\t\t\t\t<section class=\"elementor-section elementor-inner-section elementor-element elementor-element-2217c6f elementor-section-boxed elementor-section-height-default elementor-section-height-default\" data-id=\"2217c6f\" data-element_type=\"section\">\n\t\t\t\t\t\t<div class=\"elementor-container elementor-column-gap-default\">\n\t\t\t\t\t<div class=\"elementor-column elementor-col-100 elementor-inner-column elementor-element elementor-element-2665322\" data-id=\"2665322\" data-element_type=\"column\">\n\t\t\t<div class=\"elementor-widget-wrap elementor-element-populated\">\n\t\t\t\t\t\t\t\t<div class=\"elementor-element elementor-element-3b5ba27 elementor-widget elementor-widget-heading\" data-id=\"3b5ba27\" data-element_type=\"widget\" data-widget_type=\"heading.default\">\n\t\t\t\t<div class=\"elementor-widget-container\">\n\t\t\t<h2 class=\"elementor-heading-title elementor-size-default\">Napi\u0161te n\u00e1m. Brzy V\u00e1m odpov\u00edme.<\/h2>\t\t<\/div>\n\t\t\t\t<\/div>\n\t\t\t\t<div class=\"elementor-element elementor-element-47599266 elementor-widget elementor-widget-shortcode\" data-id=\"47599266\" data-element_type=\"widget\" data-widget_type=\"shortcode.default\">\n\t\t\t\t<div class=\"elementor-widget-container\">\n\t\t\t\t\t<div class=\"elementor-shortcode\"><div class=\"wpforms-container \" id=\"wpforms-9481\"><form id=\"wpforms-form-9481\" class=\"wpforms-validate wpforms-form\" data-formid=\"9481\" method=\"post\" enctype=\"multipart\/form-data\" action=\"\/drevovyroba\/wp-json\/wp\/v2\/pages\/11095\" data-token=\"50c660e1c1dc70d495998d86b827c6be\" data-token-time=\"1777624115\"><noscript class=\"wpforms-error-noscript\">Chcete-li vyplnit tento formul\u00e1\u0159, pros\u00edm povolte v prohl\u00ed\u017ee\u010di JavaScript.<\/noscript><div class=\"wpforms-field-container\"><div id=\"wpforms-9481-field_2-container\" class=\"wpforms-field wpforms-field-name\" data-field-id=\"2\"><label class=\"wpforms-field-label wpforms-label-hide\" for=\"wpforms-9481-field_2\">Name <span class=\"wpforms-required-label\">*<\/span><\/label><input type=\"text\" id=\"wpforms-9481-field_2\" class=\"wpforms-field-large wpforms-field-required\" name=\"wpforms[fields][2]\" placeholder=\"Jm\u00e9no a p\u0159\u00edjmen\u00ed\" required><\/div><div id=\"wpforms-9481-field_1-container\" class=\"wpforms-field wpforms-field-email\" data-field-id=\"1\"><label class=\"wpforms-field-label wpforms-label-hide\" for=\"wpforms-9481-field_1\">Email <span class=\"wpforms-required-label\">*<\/span><\/label><input type=\"email\" id=\"wpforms-9481-field_1\" class=\"wpforms-field-large wpforms-field-required\" name=\"wpforms[fields][1]\" placeholder=\"Email\" spellcheck=\"false\" required><\/div><div id=\"wpforms-9481-field_4-container\" class=\"wpforms-field wpforms-field-number\" data-field-id=\"4\"><input type=\"number\" id=\"wpforms-9481-field_4\" class=\"wpforms-field-large\" name=\"wpforms[fields][4]\" placeholder=\"Telefon\" step=\"any\" ><\/div><div id=\"wpforms-9481-field_5-container\" class=\"wpforms-field wpforms-field-text\" data-field-id=\"5\"><input type=\"text\" id=\"wpforms-9481-field_5\" class=\"wpforms-field-large\" name=\"wpforms[fields][5]\" placeholder=\"P\u0159edm\u011bt Va\u0161i zpr\u00e1vy\" ><\/div><div id=\"wpforms-9481-field_0-container\" class=\"wpforms-field wpforms-field-textarea\" data-field-id=\"0\"><textarea id=\"wpforms-9481-field_0\" class=\"wpforms-field-large\" name=\"wpforms[fields][0]\" placeholder=\"Obsah Va\u0161i zpr\u00e1vy\" ><\/textarea><div class=\"wpforms-field-description\">Stisknut\u00edm tla\u010d\u00edtka Odeslat souhlas\u00edte s poskytnut\u00edm osobn\u00edch informac\u00ed.<\/div><\/div><\/div><!-- .wpforms-field-container --><div class=\"wpforms-field wpforms-field-hp\"><label for=\"wpforms-9481-field-hp\" class=\"wpforms-field-label\">Website<\/label><input type=\"text\" name=\"wpforms[hp]\" id=\"wpforms-9481-field-hp\" class=\"wpforms-field-medium\"><\/div><div class=\"wpforms-submit-container\" ><input type=\"hidden\" name=\"wpforms[id]\" value=\"9481\"><input type=\"hidden\" name=\"page_title\" value=\"\"><input type=\"hidden\" name=\"page_url\" value=\"https:\/\/www.olsar.cz\/drevovyroba\/wp-json\/wp\/v2\/pages\/11095\"><input type=\"hidden\" name=\"url_referer\" value=\"\"><button type=\"submit\" name=\"wpforms[submit]\" id=\"wpforms-submit-9481\" class=\"wpforms-submit\" aria-live=\"assertive\" value=\"wpforms-submit\">Odeslat<\/button><\/div><\/form><\/div>  <!-- .wpforms-container --><\/div>\n\t\t\t\t<\/div>\n\t\t\t\t<\/div>\n\t\t\t\t<div class=\"elementor-element elementor-element-60c7ccf elementor-widget elementor-widget-spacer\" data-id=\"60c7ccf\" data-element_type=\"widget\" data-widget_type=\"spacer.default\">\n\t\t\t\t<div class=\"elementor-widget-container\">\n\t\t\t\t\t<div class=\"elementor-spacer\">\n\t\t\t<div class=\"elementor-spacer-inner\"><\/div>\n\t\t<\/div>\n\t\t\t\t<\/div>\n\t\t\t\t<\/div>\n\t\t\t\t\t<\/div>\n\t\t<\/div>\n\t\t\t\t\t\t\t<\/div>\n\t\t<\/section>\n\t\t\t\t\t<\/div>\n\t\t<\/div>\n\t\t\t\t\t\t\t<\/div>\n\t\t<\/section>\n\t\t\t\t<section class=\"elementor-section elementor-top-section elementor-element elementor-element-c2e9cf9 elementor-section-full_width elementor-section-height-default elementor-section-height-default\" data-id=\"c2e9cf9\" data-element_type=\"section\">\n\t\t\t\t\t\t<div class=\"elementor-container elementor-column-gap-default\">\n\t\t\t\t\t<div class=\"elementor-column elementor-col-33 elementor-top-column elementor-element elementor-element-9c0a66a\" data-id=\"9c0a66a\" data-element_type=\"column\">\n\t\t\t<div class=\"elementor-widget-wrap elementor-element-populated\">\n\t\t\t\t\t\t\t\t<div class=\"elementor-element elementor-element-8e2c2fd elementor-position-left elementor-vertical-align-top elementor-invisible elementor-widget elementor-widget-image-box\" data-id=\"8e2c2fd\" data-element_type=\"widget\" data-settings=\"{&quot;_animation&quot;:&quot;fadeInDown&quot;}\" data-widget_type=\"image-box.default\">\n\t\t\t\t<div class=\"elementor-widget-container\">\n\t\t\t<div class=\"elementor-image-box-wrapper\"><figure class=\"elementor-image-box-img\"><img decoding=\"async\" width=\"500\" height=\"334\" src=\"https:\/\/www.olsar.cz\/drevovyroba\/wp-content\/uploads\/2020\/01\/hammer-and-saw.png\" class=\"attachment-full size-full wp-image-11982\" alt=\"\" \/><\/figure><div class=\"elementor-image-box-content\"><h3 class=\"elementor-image-box-title\">Petr Ol\u0161ar<br><strong style=\"color: rgb(84, 85, 99); font-family: Arial, Verdana, sans-serif; font-size: 13px; text-align: left; white-space: normal;\">D\u0159evov\u00fdroba<\/strong><br><span style=\"color: rgb(84, 85, 99); font-family: Arial, Verdana, sans-serif; font-size: 13px; text-align: left; white-space: normal;\">Ro\u017enov pod Radho\u0161t\u011bm<\/span><br style=\"color: rgb(84, 85, 99); font-family: Arial, Verdana, sans-serif; font-size: 13px; font-weight: 400; text-align: left; white-space: normal;\"><span style=\"color: rgb(84, 85, 99); font-family: Arial, Verdana, sans-serif; font-size: 13px; text-align: left; white-space: normal;\">I\u010c:<\/span><span style=\"color: rgb(84, 85, 99); font-family: Arial, Verdana, sans-serif; font-size: 13px; text-align: left; white-space: normal;\">&nbsp;<\/span><span style=\"color: rgb(84, 85, 99); font-family: Arial, Verdana, sans-serif; font-size: 13px; text-align: left; white-space: normal;\">15460886<\/span><br style=\"color: rgb(84, 85, 99); font-family: Arial, Verdana, sans-serif; font-size: 13px; font-weight: 400; text-align: left; white-space: normal;\"><span style=\"color: rgb(84, 85, 99); font-family: Arial, Verdana, sans-serif; font-size: 13px; text-align: left; white-space: normal;\">DI\u010c<span style=\"font-weight: normal;\">:<\/span><\/span><span style=\"font-weight: normal; color: rgb(84, 85, 99); font-family: Arial, Verdana, sans-serif; font-size: 13px; text-align: left; white-space: normal;\">&nbsp;<\/span><span style=\"color: rgb(84, 85, 99); font-family: Arial, Verdana, sans-serif; font-size: 13px; text-align: left; white-space: normal;\">CZ6803281155<\/span><\/h3><\/div><\/div>\t\t<\/div>\n\t\t\t\t<\/div>\n\t\t\t\t\t<\/div>\n\t\t<\/div>\n\t\t\t\t<div class=\"elementor-column elementor-col-33 elementor-top-column elementor-element elementor-element-105c649\" data-id=\"105c649\" data-element_type=\"column\">\n\t\t\t<div class=\"elementor-widget-wrap elementor-element-populated\">\n\t\t\t\t\t\t\t\t<div class=\"elementor-element elementor-element-5817891 elementor-position-left elementor-vertical-align-top elementor-invisible elementor-widget elementor-widget-image-box\" data-id=\"5817891\" data-element_type=\"widget\" data-settings=\"{&quot;_animation&quot;:&quot;fadeInDown&quot;}\" data-widget_type=\"image-box.default\">\n\t\t\t\t<div class=\"elementor-widget-container\">\n\t\t\t<div class=\"elementor-image-box-wrapper\"><figure class=\"elementor-image-box-img\"><img decoding=\"async\" width=\"512\" height=\"512\" src=\"https:\/\/www.olsar.cz\/drevovyroba\/wp-content\/uploads\/2020\/01\/512px-Icon_folder_2019_1.svg_.png\" class=\"attachment-full size-full wp-image-11986\" alt=\"\" srcset=\"https:\/\/www.olsar.cz\/drevovyroba\/wp-content\/uploads\/2020\/01\/512px-Icon_folder_2019_1.svg_.png 512w, https:\/\/www.olsar.cz\/drevovyroba\/wp-content\/uploads\/2020\/01\/512px-Icon_folder_2019_1.svg_-250x250.png 250w\" sizes=\"(max-width: 512px) 100vw, 512px\" \/><\/figure><div class=\"elementor-image-box-content\"><h3 class=\"elementor-image-box-title\">Ivana Ol\u0161arov\u00e1<br><strong style=\"color: rgb(84, 85, 99); font-family: Arial, Verdana, sans-serif; font-size: 13px; text-align: left; white-space: normal;\">Objedn\u00e1vky \/ fakturace<\/strong><br><span style=\"color: rgb(84, 85, 99); font-family: Arial, Verdana, sans-serif; font-size: 13px; text-align: left; white-space: normal;\">Ro\u017enov pod Radho\u0161t\u011bm<\/span><br style=\"color: rgb(84, 85, 99); font-family: Arial, Verdana, sans-serif; font-size: 13px; font-weight: 400; text-align: left; white-space: normal;\"><strong style=\"color: rgb(84, 85, 99); font-family: Arial, Verdana, sans-serif; font-size: 13px; text-align: left; white-space: normal;\">Tel.:<\/strong><span style=\"color: rgb(84, 85, 99); font-family: Arial, Verdana, sans-serif; font-size: 13px; font-weight: 400; text-align: left; white-space: normal;\">&nbsp;<\/span><span style=\"color: rgb(84, 85, 99); font-family: Arial, Verdana, sans-serif; font-size: 13px; text-align: left; white-space: normal;\">+420 602 704 275<\/span><br style=\"color: rgb(84, 85, 99); font-family: Arial, Verdana, sans-serif; font-size: 13px; font-weight: 400; text-align: left; white-space: normal;\"><strong style=\"color: rgb(84, 85, 99); font-family: Arial, Verdana, sans-serif; font-size: 13px; text-align: left; white-space: normal;\">E-mail:<\/strong><span style=\"color: rgb(84, 85, 99); font-family: Arial, Verdana, sans-serif; font-size: 13px; font-weight: 400; text-align: left; white-space: normal;\">&nbsp;<\/span><a href=\"mailto:olsar@www.olsar.cz\" style=\"background-color: rgb(255, 255, 255); color: rgb(228, 76, 42); font-family: Arial, Verdana, sans-serif; font-size: 13px; font-weight: 400; text-align: left; white-space: normal;\">olsar@olsar.cz<\/a><\/h3><\/div><\/div>\t\t<\/div>\n\t\t\t\t<\/div>\n\t\t\t\t\t<\/div>\n\t\t<\/div>\n\t\t\t\t<div class=\"elementor-column elementor-col-33 elementor-top-column elementor-element elementor-element-773d7df\" data-id=\"773d7df\" data-element_type=\"column\">\n\t\t\t<div class=\"elementor-widget-wrap elementor-element-populated\">\n\t\t\t\t\t\t\t\t<div class=\"elementor-element elementor-element-3db21f8 elementor-position-left elementor-vertical-align-top elementor-invisible elementor-widget elementor-widget-image-box\" data-id=\"3db21f8\" data-element_type=\"widget\" data-settings=\"{&quot;_animation&quot;:&quot;fadeInDown&quot;}\" data-widget_type=\"image-box.default\">\n\t\t\t\t<div class=\"elementor-widget-container\">\n\t\t\t<div class=\"elementor-image-box-wrapper\"><figure class=\"elementor-image-box-img\"><img loading=\"lazy\" decoding=\"async\" width=\"1280\" height=\"658\" src=\"https:\/\/www.olsar.cz\/drevovyroba\/wp-content\/uploads\/2020\/01\/B_licence_icon_svg.svg_.png\" class=\"attachment-full size-full wp-image-11987\" alt=\"\" srcset=\"https:\/\/www.olsar.cz\/drevovyroba\/wp-content\/uploads\/2020\/01\/B_licence_icon_svg.svg_.png 1280w, https:\/\/www.olsar.cz\/drevovyroba\/wp-content\/uploads\/2020\/01\/B_licence_icon_svg.svg_-600x308.png 600w, https:\/\/www.olsar.cz\/drevovyroba\/wp-content\/uploads\/2020\/01\/B_licence_icon_svg.svg_-1024x526.png 1024w, https:\/\/www.olsar.cz\/drevovyroba\/wp-content\/uploads\/2020\/01\/B_licence_icon_svg.svg_-768x395.png 768w\" sizes=\"(max-width: 1280px) 100vw, 1280px\" \/><\/figure><div class=\"elementor-image-box-content\"><h3 class=\"elementor-image-box-title\">Radek Ol\u0161ar<br><strong style=\"color: rgb(84, 85, 99); font-family: Arial, Verdana, sans-serif; font-size: 13px; text-align: left; white-space: normal;\">V\u00fdd\u0159evy \/ p\u0159estavby dod\u00e1vek<\/strong><br><span style=\"color: rgb(84, 85, 99); font-family: Arial, Verdana, sans-serif; font-size: 13px; text-align: left; white-space: normal;\">Ro\u017enov pod Radho\u0161t\u011bm<\/span><br style=\"color: rgb(84, 85, 99); font-family: Arial, Verdana, sans-serif; font-size: 13px; font-weight: 400; text-align: left; white-space: normal;\"><strong style=\"color: rgb(84, 85, 99); font-family: Arial, Verdana, sans-serif; font-size: 13px; text-align: left; white-space: normal;\">Tel.:<\/strong><span style=\"color: rgb(84, 85, 99); font-family: Arial, Verdana, sans-serif; font-size: 13px; font-weight: 400; text-align: left; white-space: normal;\">&nbsp;<\/span><span style=\"color: rgb(84, 85, 99); font-family: Arial, Verdana, sans-serif; font-size: 13px; text-align: left; white-space: normal;\">+420 725 066 661<\/span><br style=\"color: rgb(84, 85, 99); font-family: Arial, Verdana, sans-serif; font-size: 13px; font-weight: 400; text-align: left; white-space: normal;\"><strong style=\"color: rgb(84, 85, 99); font-family: Arial, Verdana, sans-serif; font-size: 13px; text-align: left; white-space: normal;\">E-mail:<\/strong><span style=\"color: rgb(84, 85, 99); font-family: Arial, Verdana, sans-serif; font-size: 13px; font-weight: 400; text-align: left; white-space: normal;\">&nbsp;<\/span><a href=\"mailto:olsar.radek@seznam.cz\" style=\"background-color: rgb(255, 255, 255); color: rgb(228, 76, 42); font-family: Arial, Verdana, sans-serif; font-size: 13px; font-weight: 400; text-align: left; white-space: normal;\">olsar.radek@seznam.cz<\/a><\/h3><\/div><\/div>\t\t<\/div>\n\t\t\t\t<\/div>\n\t\t\t\t\t<\/div>\n\t\t<\/div>\n\t\t\t\t\t\t\t<\/div>\n\t\t<\/section>\n\t\t\t\t<section class=\"elementor-section elementor-top-section elementor-element elementor-element-33aa65f elementor-section-boxed elementor-section-height-default elementor-section-height-default\" data-id=\"33aa65f\" data-element_type=\"section\">\n\t\t\t\t\t\t<div class=\"elementor-container elementor-column-gap-default\">\n\t\t\t\t\t<div class=\"elementor-column elementor-col-100 elementor-top-column elementor-element elementor-element-0c528d2\" data-id=\"0c528d2\" data-element_type=\"column\">\n\t\t\t<div class=\"elementor-widget-wrap elementor-element-populated\">\n\t\t\t\t\t\t\t\t<div class=\"elementor-element elementor-element-ae65e5e elementor-vertical-align-top elementor-invisible elementor-widget elementor-widget-image-box\" data-id=\"ae65e5e\" data-element_type=\"widget\" data-settings=\"{&quot;_animation&quot;:&quot;fadeInDown&quot;}\" data-widget_type=\"image-box.default\">\n\t\t\t\t<div class=\"elementor-widget-container\">\n\t\t\t<div class=\"elementor-image-box-wrapper\"><div class=\"elementor-image-box-content\"><h3 class=\"elementor-image-box-title\"><strong style=\"text-align: left;\">\u00dadaje o firm\u011b<\/strong><br><strong style=\"color: rgb(84, 85, 99); font-family: Arial, Verdana, sans-serif; font-size: 13px; text-align: left; white-space: normal;\">Petr Ol\u0161ar<\/strong><br><span style=\"color: rgb(84, 85, 99); font-family: Arial, Verdana, sans-serif; font-size: 13px; text-align: left; white-space: normal;\">Vigantice 6, 756 61 Ro\u017enov pod Radho\u0161t\u011bm<\/span><br><span style=\"color: rgb(84, 85, 99); font-family: Arial, Verdana, sans-serif; font-size: 13px; text-align: left; white-space: normal;\">I\u010c:<\/span><span style=\"color: rgb(84, 85, 99); font-family: Arial, Verdana, sans-serif; font-size: 13px; text-align: left; white-space: normal;\">&nbsp;<\/span><span style=\"color: rgb(84, 85, 99); font-family: Arial, Verdana, sans-serif; font-size: 13px; text-align: left; white-space: normal;\">15460886<\/span><br style=\"color: rgb(84, 85, 99); font-family: Arial, Verdana, sans-serif; font-size: 13px; font-weight: 400; text-align: left; white-space: normal;\"><span style=\"color: rgb(84, 85, 99); font-family: Arial, Verdana, sans-serif; font-size: 13px; text-align: left; white-space: normal;\">DI\u010c<span style=\"font-weight: normal;\">:<\/span><\/span><span style=\"font-weight: normal; color: rgb(84, 85, 99); font-family: Arial, Verdana, sans-serif; font-size: 13px; text-align: left; white-space: normal;\">&nbsp;<\/span><span style=\"color: rgb(84, 85, 99); font-family: Arial, Verdana, sans-serif; font-size: 13px; text-align: left; white-space: normal;\">CZ6803281155<br><\/span><font color=\"#545563\" face=\"Arial, Verdana, sans-serif\"><span style=\"font-size: 13px; white-space: normal;\">Podnikatel zaps\u00e1n do \u017eivnostensk\u00e9ho rejst\u0159\u00edku veden\u00e9ho M\u011bstsk\u00fdm \u00fa\u0159adem Ro\u017enov pod Radho\u0161t\u011bm.<\/span><\/font><\/h3><\/div><\/div>\t\t<\/div>\n\t\t\t\t<\/div>\n\t\t\t\t\t<\/div>\n\t\t<\/div>\n\t\t\t\t\t\t\t<\/div>\n\t\t<\/section>\n\t\t\t\t<section class=\"elementor-section elementor-top-section elementor-element elementor-element-c78707f elementor-section-boxed elementor-section-height-default elementor-section-height-default\" data-id=\"c78707f\" data-element_type=\"section\">\n\t\t\t\t\t\t<div class=\"elementor-container elementor-column-gap-default\">\n\t\t\t\t\t<div class=\"elementor-column elementor-col-100 elementor-top-column elementor-element elementor-element-601a077\" data-id=\"601a077\" data-element_type=\"column\">\n\t\t\t<div class=\"elementor-widget-wrap elementor-element-populated\">\n\t\t\t\t\t\t\t\t<div class=\"elementor-element elementor-element-579a65e elementor-widget elementor-widget-spacer\" data-id=\"579a65e\" data-element_type=\"widget\" data-widget_type=\"spacer.default\">\n\t\t\t\t<div class=\"elementor-widget-container\">\n\t\t\t\t\t<div class=\"elementor-spacer\">\n\t\t\t<div class=\"elementor-spacer-inner\"><\/div>\n\t\t<\/div>\n\t\t\t\t<\/div>\n\t\t\t\t<\/div>\n\t\t\t\t\t<\/div>\n\t\t<\/div>\n\t\t\t\t\t\t\t<\/div>\n\t\t<\/section>\n\t\t\t\t<section class=\"elementor-section elementor-top-section elementor-element elementor-element-1b2d394 elementor-section-boxed elementor-section-height-default elementor-section-height-default\" data-id=\"1b2d394\" data-element_type=\"section\">\n\t\t\t\t\t\t<div class=\"elementor-container elementor-column-gap-default\">\n\t\t\t\t\t<div class=\"elementor-column elementor-col-100 elementor-top-column elementor-element elementor-element-25cf177\" data-id=\"25cf177\" data-element_type=\"column\">\n\t\t\t<div class=\"elementor-widget-wrap elementor-element-populated\">\n\t\t\t\t\t\t\t\t<div class=\"elementor-element elementor-element-1921464 elementor-widget elementor-widget-google_maps\" data-id=\"1921464\" data-element_type=\"widget\" data-widget_type=\"google_maps.default\">\n\t\t\t\t<div class=\"elementor-widget-container\">\n\t\t\t\t\t<div class=\"elementor-custom-embed\">\n\t\t\t<iframe loading=\"lazy\"\n\t\t\t\t\tsrc=\"https:\/\/maps.google.com\/maps?q=Ro%C5%BEnov%20pod%20Radho%C5%A1t%C4%9Bm&#038;t=m&#038;z=10&#038;output=embed&#038;iwloc=near\"\n\t\t\t\t\ttitle=\"Ro\u017enov pod Radho\u0161t\u011bm\"\n\t\t\t\t\taria-label=\"Ro\u017enov pod Radho\u0161t\u011bm\"\n\t\t\t><\/iframe>\n\t\t<\/div>\n\t\t\t\t<\/div>\n\t\t\t\t<\/div>\n\t\t\t\t\t<\/div>\n\t\t<\/div>\n\t\t\t\t\t\t\t<\/div>\n\t\t<\/section>\n\t\t\t\t\t\t\t<\/div>\n\t\t","protected":false},"excerpt":{"rendered":"<p>Kontakt D\u0158EVOV\u00ddROBA &amp; P\u0158ESTAVBY DOD\u00c1VEK Napi\u0161te n\u00e1m. Brzy V\u00e1m odpov\u00edme. Petr Ol\u0161arD\u0159evov\u00fdrobaRo\u017enov pod Radho\u0161t\u011bmI\u010c:&nbsp;15460886DI\u010c:&nbsp;CZ6803281155 Ivana Ol\u0161arov\u00e1Objedn\u00e1vky \/ fakturaceRo\u017enov pod Radho\u0161t\u011bmTel.:&nbsp;+420 602 704 275E-mail:&nbsp;olsar@olsar.cz Radek Ol\u0161arV\u00fdd\u0159evy \/ p\u0159estavby dod\u00e1vekRo\u017enov pod Radho\u0161t\u011bmTel.:&nbsp;+420&hellip;<\/p>\n<p> <a class=\"more-link\" href=\"https:\/\/www.olsar.cz\/drevovyroba\/info-contact\/\">\u010ct\u011bte v\u00edce<\/a><\/p>\n","protected":false},"author":1,"featured_media":11542,"parent":0,"menu_order":0,"comment_status":"closed","ping_status":"closed","template":"","meta":{"footnotes":""},"class_list":["post-11095","page","type-page","status-publish","has-post-thumbnail"],"_links":{"self":[{"href":"https:\/\/www.olsar.cz\/drevovyroba\/wp-json\/wp\/v2\/pages\/11095","targetHints":{"allow":["GET"]}}],"collection":[{"href":"https:\/\/www.olsar.cz\/drevovyroba\/wp-json\/wp\/v2\/pages"}],"about":[{"href":"https:\/\/www.olsar.cz\/drevovyroba\/wp-json\/wp\/v2\/types\/page"}],"author":[{"embeddable":true,"href":"https:\/\/www.olsar.cz\/drevovyroba\/wp-json\/wp\/v2\/users\/1"}],"replies":[{"embeddable":true,"href":"https:\/\/www.olsar.cz\/drevovyroba\/wp-json\/wp\/v2\/comments?post=11095"}],"version-history":[{"count":19,"href":"https:\/\/www.olsar.cz\/drevovyroba\/wp-json\/wp\/v2\/pages\/11095\/revisions"}],"predecessor-version":[{"id":12189,"href":"https:\/\/www.olsar.cz\/drevovyroba\/wp-json\/wp\/v2\/pages\/11095\/revisions\/12189"}],"wp:featuredmedia":[{"embeddable":true,"href":"https:\/\/www.olsar.cz\/drevovyroba\/wp-json\/wp\/v2\/media\/11542"}],"wp:attachment":[{"href":"https:\/\/www.olsar.cz\/drevovyroba\/wp-json\/wp\/v2\/media?parent=11095"}],"curies":[{"name":"wp","href":"https:\/\/api.w.org\/{rel}","templated":true}]}}